{"id":2711,"date":"2022-09-01T11:52:39","date_gmt":"2022-09-01T09:52:39","guid":{"rendered":"https:\/\/coburger-juden.de\/rosita-sachs-nee-alkan-1882-1962\/"},"modified":"2023-07-29T15:28:18","modified_gmt":"2023-07-29T13:28:18","slug":"rosita-sachs-nee-alkan-1882-1962","status":"publish","type":"page","link":"https:\/\/coburger-juden.de\/en\/rosita-sachs-nee-alkan-1882-1962\/","title":{"rendered":"Rosita Sachs, n\u00e9e Alkan (1882-1962)"},"content":{"rendered":"\n<div style=\"height:22px\" aria-hidden=\"true\" class=\"wp-block-spacer\"><\/div>\n\n\n<div class=\"wp-block-image\">\n<figure class=\"aligncenter size-full\"><img fetchpriority=\"high\" decoding=\"async\" width=\"800\" height=\"450\" src=\"https:\/\/coburger-juden.de\/wp-content\/uploads\/2022\/09\/rosita_sachs.jpg\" alt=\"rosita sachs\" class=\"wp-image-2707\" srcset=\"https:\/\/coburger-juden.de\/wp-content\/uploads\/2022\/09\/rosita_sachs.jpg 800w, https:\/\/coburger-juden.de\/wp-content\/uploads\/2022\/09\/rosita_sachs-300x169.jpg 300w, https:\/\/coburger-juden.de\/wp-content\/uploads\/2022\/09\/rosita_sachs-768x432.jpg 768w\" sizes=\"(max-width: 800px) 100vw, 800px\" \/><figcaption class=\"wp-element-caption\">Photo: private property<\/figcaption><\/figure><\/div>\n\n\n<p>Rosita Alkan Sachs and her husband Albert (1876-1962) ran \u201cAdolf Alkan,\u201d a store that sold the finest linens in Coburg. They had two children, Elsa and Hans. <\/p>\n\n\n\n<p>To escape persecution in Coburg, they moved first to Berlin. Then with the help of Rosita\u2019s brother Reinholt Alkan, who practiced ophthalmology in London, the couple managed to obtain a visa for England. <\/p>\n\n\n\n<p>On September 1, 1939, the day the war began, they boarded a German ship in Hamburg that was supposed to take them to England. However, the ship turned around and returned to Germany, where they ended up penniless. Fortunately, friends from Berlin lent them the fare for a train ticket to Holland.  <\/p>\n\n\n\n<p>It was just in time. The Dutch border was closed right after their train crossed it! The couple escaped to England, then in 1944 emigrated further to the USA. They settled in Detroit, living at first with their daughter Elsa and her family.  <\/p>\n\n\n\n<p>Rosita and Albert Sachs spent their retirement in close proximity to their daughter and grandchildren, Claude and Barbara. They were married for 53 years. Albert died in the spring of 1962, and Rosita died shortly thereafter, in the fall of the same year.  <\/p>\n\n\n\n<div style=\"height:46px\" aria-hidden=\"true\" class=\"wp-block-spacer\"><\/div>\n\n\n\n<div class=\"wp-block-uagb-blockquote uagb-block-4542a412 uagb-blockquote__skin-border uagb-blockquote__stack-img-none\"><blockquote class=\"uagb-blockquote\"><div class=\"uagb-blockquote__content\"><em>\u201eMeine Gro\u00dfmutter hatte rotes Haar und war eine wunderbare K\u00f6chin, Mutter und Gro\u00dfmutter.\u201c<\/em><\/div><footer><div class=\"uagb-blockquote__author-wrap uagb-blockquote__author-at-left\"><cite class=\"uagb-blockquote__author\"><em>Claude T.H. Friedman<\/em><\/cite><\/div><\/footer><\/blockquote><\/div>\n\n\n\n<p>Text und Copyright: Prof. Dr. Gaby Franger<\/p>\n","protected":false},"excerpt":{"rendered":"<p>Rosita Alkan Sachs and her husband Albert (1876-1962) ran \u201cAdolf Alkan,\u201d a store that sold the finest linens in Coburg. They had two children, Elsa and Hans. To escape persecution &#8230; <a title=\"Rosita Sachs, n\u00e9e Alkan (1882-1962)\" class=\"read-more\" href=\"https:\/\/coburger-juden.de\/en\/rosita-sachs-nee-alkan-1882-1962\/\" aria-label=\"Read more about Rosita Sachs, n\u00e9e Alkan (1882-1962)\">weiterlesen<\/a><\/p>\n","protected":false},"author":6,"featured_media":2707,"parent":0,"menu_order":0,"comment_status":"closed","ping_status":"closed","template":"","meta":{"_seopress_robots_primary_cat":"","_seopress_titles_title":"","_seopress_titles_desc":"","_seopress_robots_index":"","_uag_custom_page_level_css":"","footnotes":""},"class_list":["post-2711","page","type-page","status-publish","has-post-thumbnail"],"uagb_featured_image_src":{"full":["https:\/\/coburger-juden.de\/wp-content\/uploads\/2022\/09\/rosita_sachs.jpg",800,450,false],"thumbnail":["https:\/\/coburger-juden.de\/wp-content\/uploads\/2022\/09\/rosita_sachs-150x150.jpg",150,150,true],"medium":["https:\/\/coburger-juden.de\/wp-content\/uploads\/2022\/09\/rosita_sachs-300x169.jpg",300,169,true],"medium_large":["https:\/\/coburger-juden.de\/wp-content\/uploads\/2022\/09\/rosita_sachs-768x432.jpg",768,432,true],"large":["https:\/\/coburger-juden.de\/wp-content\/uploads\/2022\/09\/rosita_sachs.jpg",800,450,false],"1536x1536":["https:\/\/coburger-juden.de\/wp-content\/uploads\/2022\/09\/rosita_sachs.jpg",800,450,false],"2048x2048":["https:\/\/coburger-juden.de\/wp-content\/uploads\/2022\/09\/rosita_sachs.jpg",800,450,false]},"uagb_author_info":{"display_name":"eeboberfrankenwest","author_link":"https:\/\/coburger-juden.de\/en\/author\/eeboberfrankenwest\/"},"uagb_comment_info":0,"uagb_excerpt":"Rosita Alkan Sachs and her husband Albert (1876-1962) ran \u201cAdolf Alkan,\u201d a store that sold the finest linens in Coburg. They had two children, Elsa and Hans. To escape persecution ... weiterlesen","_links":{"self":[{"href":"https:\/\/coburger-juden.de\/en\/wp-json\/wp\/v2\/pages\/2711","targetHints":{"allow":["GET"]}}],"collection":[{"href":"https:\/\/coburger-juden.de\/en\/wp-json\/wp\/v2\/pages"}],"about":[{"href":"https:\/\/coburger-juden.de\/en\/wp-json\/wp\/v2\/types\/page"}],"author":[{"embeddable":true,"href":"https:\/\/coburger-juden.de\/en\/wp-json\/wp\/v2\/users\/6"}],"replies":[{"embeddable":true,"href":"https:\/\/coburger-juden.de\/en\/wp-json\/wp\/v2\/comments?post=2711"}],"version-history":[{"count":3,"href":"https:\/\/coburger-juden.de\/en\/wp-json\/wp\/v2\/pages\/2711\/revisions"}],"predecessor-version":[{"id":2838,"href":"https:\/\/coburger-juden.de\/en\/wp-json\/wp\/v2\/pages\/2711\/revisions\/2838"}],"wp:featuredmedia":[{"embeddable":true,"href":"https:\/\/coburger-juden.de\/en\/wp-json\/wp\/v2\/media\/2707"}],"wp:attachment":[{"href":"https:\/\/coburger-juden.de\/en\/wp-json\/wp\/v2\/media?parent=2711"}],"curies":[{"name":"wp","href":"https:\/\/api.w.org\/{rel}","templated":true}]}}