{"id":2686,"date":"2022-08-31T11:38:34","date_gmt":"2022-08-31T09:38:34","guid":{"rendered":"https:\/\/coburger-juden.de\/former-lady-in-waiting-anna-ellen-von-anker-1867-1946\/"},"modified":"2023-07-29T15:29:08","modified_gmt":"2023-07-29T13:29:08","slug":"former-lady-in-waiting-anna-ellen-von-anker-1867-1946","status":"publish","type":"page","link":"https:\/\/coburger-juden.de\/en\/former-lady-in-waiting-anna-ellen-von-anker-1867-1946\/","title":{"rendered":"Former Lady-in-Waiting Anna Ellen von Anker (1867-1946)"},"content":{"rendered":"\n<div style=\"height:49px\" aria-hidden=\"true\" class=\"wp-block-spacer\"><\/div>\n\n\n<div class=\"wp-block-image\">\n<figure class=\"aligncenter size-full\"><img fetchpriority=\"high\" decoding=\"async\" width=\"800\" height=\"611\" src=\"https:\/\/coburger-juden.de\/wp-content\/uploads\/2022\/08\/Anna-Ellen-Anker.jpg\" alt=\"anna ellen anker\" class=\"wp-image-2681\" srcset=\"https:\/\/coburger-juden.de\/wp-content\/uploads\/2022\/08\/Anna-Ellen-Anker.jpg 800w, https:\/\/coburger-juden.de\/wp-content\/uploads\/2022\/08\/Anna-Ellen-Anker-300x229.jpg 300w, https:\/\/coburger-juden.de\/wp-content\/uploads\/2022\/08\/Anna-Ellen-Anker-768x587.jpg 768w\" sizes=\"(max-width: 800px) 100vw, 800px\" \/><figcaption class=\"wp-element-caption\">Photo: private property, Anna Ellen Anker in the middle<\/figcaption><\/figure><\/div>\n\n\n<div style=\"height:46px\" aria-hidden=\"true\" class=\"wp-block-spacer\"><\/div>\n\n\n\n<p>Every year, Anna Ellen von Anker presented her tenants\u2019 daughter with a small birthday present, with the words, \u201cSo you won\u2019t turn into a Nazi!\u201d<\/p>\n\n\n\n<p>Anna Ellen had formerly served as lady-in-waiting to Marie von Sachsen Coburg und Gotha; now she lived on the upper floor of Obere Klinge 1 in Coburg. She rented the downstairs to the Zapf family: Dr. Ludwig Zapf, the respected director of the regional hospital, his wife Dr. Hildegard Zapf, and their three children \u2013 two boys, and the daughter who got the annual birthday present. The Zapfs blocked off access to the upper floor, so that local Nazis couldn\u2019t search there. The family was convinced that this was what enabled \u201c\u00c4nnchen Anker\u201d (as they affectionately called her) to survive the \u201cBrown Years,\u201d even though the Nazis did know she lived there.<\/p>\n\n\n\n<p>To the anger of the local NSDAP group leader (Ortsgruppenleiter), the house never flew the Nazi flag on National Socialist holidays. Anna Ellen von Anker&#8217;s regular response to his requests was that the last time she flew any flags had been when her former mistress, Duchess Marie, had died. <\/p>\n\n\n\n<p>Anna Ellen von Anker was the daughter of Karl Elwin von Anker and Anna Countess von Hacke. Her father was raised to the peerage by Wilhelm I in 1866. Her grandfather Karl Ludwig Ferdinand Anker had converted from the Mosaic to the Protestant faith in 1825. Thus, as a Mischling, she was still considered suspect by the Nazis, but was in somewhat less danger than those the Nazis counted as \u201cfull Jews.\u201d  <\/p>\n\n\n\n<p>In her will, written in October 1933, Anna Ellen von Anker directed donations to the Marienhaus, the Alexandrinen association, and the pension fund of the Coburg theater. She asked that her clothes be donated to the poor actresses and choristers of the theater. She requested that members of the theater sing at her funeral ,&#8221;but not too long,&#8221; and that all noble houses in Coburg be notified of her death. In this way, she showed her attachment to an &#8220;other&#8221; Coburg.   <\/p>\n\n\n\n<p>Anna Ellen von Anker died on February 4, 1946<\/p>\n\n\n\n<div style=\"height:57px\" aria-hidden=\"true\" class=\"wp-block-spacer\"><\/div>\n\n\n\n<p>The NSDAP published \u201cpillory\u201d lists, intended to publicly shame those who still shopped in Jewish stores, and Anna Ellen von Anker\u2019s name was included. The Coburg Nationalzeitung (9\/26\/1933) addressed the issue of shaming \u201cupper class\u201d citizens: <\/p>\n\n\n\n<div class=\"wp-block-uagb-blockquote uagb-block-9694ba1f uagb-blockquote__skin-border uagb-blockquote__stack-img-none is-style-default\"><blockquote class=\"uagb-blockquote\"><div class=\"uagb-blockquote__content\"><p>\u201eAuch hat man sich von \u201abesserer\u2019 Seite aus \u00fcber uns beschwert, da\u00df man auch Damen aus hochstehenden Kreisen mit auf die Liste gesetzt hat. Wir Nationalsozialisten kennen keine Klassenunterschiede und glauben auch dies bewiesen zu haben, indem wir bei der Ver\u00f6ffentlichung unserer Liste nicht auf Rang und Titel gesehen haben. Wir ersuchen hiermit nochmals, alle Hetzereien und St\u00e4nkereien, sowie die Verbreitung unwahrer Ger\u00fcchte gegen den Nationalsozialismus und Amtswalter der NSDAP zu unterlassen, und erinnern daran da\u00df seiner Zeit Herzog Casimir auf dem Markt einen h\u00f6lzernen Esel als Pranger aufgestellt hatte.\u201c<\/p><\/div><footer><div class=\"uagb-blockquote__author-wrap uagb-blockquote__author-at-left\"><\/div><\/footer><\/blockquote><\/div>\n\n\n\n<div style=\"height:51px\" aria-hidden=\"true\" class=\"wp-block-spacer\"><\/div>\n\n\n\n<p>Text und Copyright: Prof. Dr. Gaby Franger<\/p>\n","protected":false},"excerpt":{"rendered":"<p>Every year, Anna Ellen von Anker presented her tenants\u2019 daughter with a small birthday present, with the words, \u201cSo you won\u2019t turn into a Nazi!\u201d Anna Ellen had formerly served &#8230; <a title=\"Former Lady-in-Waiting Anna Ellen von Anker (1867-1946)\" class=\"read-more\" href=\"https:\/\/coburger-juden.de\/en\/former-lady-in-waiting-anna-ellen-von-anker-1867-1946\/\" aria-label=\"Read more about Former Lady-in-Waiting Anna Ellen von Anker (1867-1946)\">weiterlesen<\/a><\/p>\n","protected":false},"author":6,"featured_media":2681,"parent":0,"menu_order":0,"comment_status":"closed","ping_status":"closed","template":"","meta":{"_seopress_robots_primary_cat":"","_seopress_titles_title":"","_seopress_titles_desc":"Anna Ellen von Anker was the daughter of Karl Elwin von Anker and Anna Countess von Hacke. Her father was raised to the peerage by Wilhelm I in 1866.","_seopress_robots_index":"","_uag_custom_page_level_css":"","footnotes":""},"class_list":{"0":"post-2686","1":"page","2":"type-page","3":"status-publish","4":"has-post-thumbnail","6":"resize-featured-image"},"uagb_featured_image_src":{"full":["https:\/\/coburger-juden.de\/wp-content\/uploads\/2022\/08\/Anna-Ellen-Anker.jpg",800,611,false],"thumbnail":["https:\/\/coburger-juden.de\/wp-content\/uploads\/2022\/08\/Anna-Ellen-Anker-150x150.jpg",150,150,true],"medium":["https:\/\/coburger-juden.de\/wp-content\/uploads\/2022\/08\/Anna-Ellen-Anker-300x229.jpg",300,229,true],"medium_large":["https:\/\/coburger-juden.de\/wp-content\/uploads\/2022\/08\/Anna-Ellen-Anker-768x587.jpg",768,587,true],"large":["https:\/\/coburger-juden.de\/wp-content\/uploads\/2022\/08\/Anna-Ellen-Anker.jpg",800,611,false],"1536x1536":["https:\/\/coburger-juden.de\/wp-content\/uploads\/2022\/08\/Anna-Ellen-Anker.jpg",800,611,false],"2048x2048":["https:\/\/coburger-juden.de\/wp-content\/uploads\/2022\/08\/Anna-Ellen-Anker.jpg",800,611,false]},"uagb_author_info":{"display_name":"eeboberfrankenwest","author_link":"https:\/\/coburger-juden.de\/en\/author\/eeboberfrankenwest\/"},"uagb_comment_info":0,"uagb_excerpt":"Every year, Anna Ellen von Anker presented her tenants\u2019 daughter with a small birthday present, with the words, \u201cSo you won\u2019t turn into a Nazi!\u201d Anna Ellen had formerly served ... weiterlesen","_links":{"self":[{"href":"https:\/\/coburger-juden.de\/en\/wp-json\/wp\/v2\/pages\/2686","targetHints":{"allow":["GET"]}}],"collection":[{"href":"https:\/\/coburger-juden.de\/en\/wp-json\/wp\/v2\/pages"}],"about":[{"href":"https:\/\/coburger-juden.de\/en\/wp-json\/wp\/v2\/types\/page"}],"author":[{"embeddable":true,"href":"https:\/\/coburger-juden.de\/en\/wp-json\/wp\/v2\/users\/6"}],"replies":[{"embeddable":true,"href":"https:\/\/coburger-juden.de\/en\/wp-json\/wp\/v2\/comments?post=2686"}],"version-history":[{"count":3,"href":"https:\/\/coburger-juden.de\/en\/wp-json\/wp\/v2\/pages\/2686\/revisions"}],"predecessor-version":[{"id":2839,"href":"https:\/\/coburger-juden.de\/en\/wp-json\/wp\/v2\/pages\/2686\/revisions\/2839"}],"wp:featuredmedia":[{"embeddable":true,"href":"https:\/\/coburger-juden.de\/en\/wp-json\/wp\/v2\/media\/2681"}],"wp:attachment":[{"href":"https:\/\/coburger-juden.de\/en\/wp-json\/wp\/v2\/media?parent=2686"}],"curies":[{"name":"wp","href":"https:\/\/api.w.org\/{rel}","templated":true}]}}